{"id":1911,"date":"2024-01-25T16:00:14","date_gmt":"2024-01-25T21:00:14","guid":{"rendered":"https:\/\/elavilagroup.com\/?page_id=1911"},"modified":"2024-01-30T14:08:18","modified_gmt":"2024-01-30T19:08:18","slug":"coconut-grove","status":"publish","type":"page","link":"https:\/\/goldygluckrealtor.com\/en\/vecindarios\/coconut-grove\/","title":{"rendered":"Coconut Grove"},"content":{"rendered":"\t\t<div data-elementor-type=\"wp-page\" data-elementor-id=\"1911\" class=\"elementor elementor-1911\" data-elementor-post-type=\"page\">\n\t\t\t\t<div data-particle_enable=\"false\" data-particle-mobile-disabled=\"false\" class=\"elementor-element elementor-element-4079075 e-flex e-con-boxed e-con e-parent\" data-id=\"4079075\" data-element_type=\"container\" data-e-type=\"container\">\n\t\t\t\t\t<div class=\"e-con-inner\">\n\t\t\t\t<div class=\"elementor-element elementor-element-d9f137c elementor-widget elementor-widget-heading\" data-id=\"d9f137c\" data-element_type=\"widget\" data-e-type=\"widget\" data-widget_type=\"heading.default\">\n\t\t\t\t<div class=\"elementor-widget-container\">\n\t\t\t\t\t<h2 class=\"elementor-heading-title elementor-size-default\">Coconut Grove<\/h2>\t\t\t\t<\/div>\n\t\t\t\t<\/div>\n\t\t\t\t<div class=\"elementor-element elementor-element-4c4d11a elementor-widget elementor-widget-heading\" data-id=\"4c4d11a\" data-element_type=\"widget\" data-e-type=\"widget\" data-widget_type=\"heading.default\">\n\t\t\t\t<div class=\"elementor-widget-container\">\n\t\t\t\t\t<h2 class=\"elementor-heading-title elementor-size-default\">Entre palmeras y arquitectura \u00fanica<\/h2>\t\t\t\t<\/div>\n\t\t\t\t<\/div>\n\t\t\t\t\t<\/div>\n\t\t\t\t<\/div>\n\t\t<div data-particle_enable=\"false\" data-particle-mobile-disabled=\"false\" class=\"elementor-element elementor-element-e3be364 e-flex e-con-boxed elementor-invisible e-con e-parent\" data-id=\"e3be364\" data-element_type=\"container\" data-e-type=\"container\" data-settings=\"{&quot;animation&quot;:&quot;fadeIn&quot;}\">\n\t\t\t\t\t<div class=\"e-con-inner\">\n\t\t\t\t<div class=\"elementor-element elementor-element-70fc523 elementor-widget elementor-widget-image\" data-id=\"70fc523\" data-element_type=\"widget\" data-e-type=\"widget\" data-settings=\"{&quot;motion_fx_motion_fx_scrolling&quot;:&quot;yes&quot;,&quot;motion_fx_translateY_effect&quot;:&quot;yes&quot;,&quot;motion_fx_translateY_affectedRange&quot;:{&quot;unit&quot;:&quot;%&quot;,&quot;size&quot;:&quot;&quot;,&quot;sizes&quot;:{&quot;start&quot;:20,&quot;end&quot;:80}},&quot;motion_fx_translateY_speed&quot;:{&quot;unit&quot;:&quot;px&quot;,&quot;size&quot;:4,&quot;sizes&quot;:[]},&quot;motion_fx_devices&quot;:[&quot;desktop&quot;,&quot;tablet&quot;,&quot;mobile&quot;]}\" data-widget_type=\"image.default\">\n\t\t\t\t<div class=\"elementor-widget-container\">\n\t\t\t\t\t\t\t\t\t\t\t\t\t\t\t<img fetchpriority=\"high\" decoding=\"async\" width=\"1920\" height=\"1280\" src=\"https:\/\/i0.wp.com\/goldygluckrealtor.com\/wp-content\/uploads\/2024\/01\/Coconut-grove_0002s_0000_DSC_0026-1.jpg?fit=1920%2C1280&amp;ssl=1\" class=\"attachment-full size-full wp-image-2055\" alt=\"\" srcset=\"https:\/\/i0.wp.com\/goldygluckrealtor.com\/wp-content\/uploads\/2024\/01\/Coconut-grove_0002s_0000_DSC_0026-1.jpg?w=1920&amp;ssl=1 1920w, https:\/\/i0.wp.com\/goldygluckrealtor.com\/wp-content\/uploads\/2024\/01\/Coconut-grove_0002s_0000_DSC_0026-1.jpg?resize=300%2C200&amp;ssl=1 300w, https:\/\/i0.wp.com\/goldygluckrealtor.com\/wp-content\/uploads\/2024\/01\/Coconut-grove_0002s_0000_DSC_0026-1.jpg?resize=1024%2C683&amp;ssl=1 1024w, https:\/\/i0.wp.com\/goldygluckrealtor.com\/wp-content\/uploads\/2024\/01\/Coconut-grove_0002s_0000_DSC_0026-1.jpg?resize=768%2C512&amp;ssl=1 768w, https:\/\/i0.wp.com\/goldygluckrealtor.com\/wp-content\/uploads\/2024\/01\/Coconut-grove_0002s_0000_DSC_0026-1.jpg?resize=1536%2C1024&amp;ssl=1 1536w, https:\/\/i0.wp.com\/goldygluckrealtor.com\/wp-content\/uploads\/2024\/01\/Coconut-grove_0002s_0000_DSC_0026-1.jpg?w=1600&amp;ssl=1 1600w\" sizes=\"(max-width: 800px) 100vw, 800px\" \/>\t\t\t\t\t\t\t\t\t\t\t\t\t\t\t<\/div>\n\t\t\t\t<\/div>\n\t\t\t\t\t<\/div>\n\t\t\t\t<\/div>\n\t\t<div data-particle_enable=\"false\" data-particle-mobile-disabled=\"false\" class=\"elementor-element elementor-element-04dd8cb e-flex e-con-boxed e-con e-parent\" data-id=\"04dd8cb\" data-element_type=\"container\" data-e-type=\"container\">\n\t\t\t\t\t<div class=\"e-con-inner\">\n\t\t<div data-particle_enable=\"false\" data-particle-mobile-disabled=\"false\" class=\"elementor-element elementor-element-438f356 e-flex e-con-boxed e-con e-child\" data-id=\"438f356\" data-element_type=\"container\" data-e-type=\"container\">\n\t\t\t\t\t<div class=\"e-con-inner\">\n\t\t\t\t<div class=\"elementor-element elementor-element-1cf1bcb elementor-widget elementor-widget-image\" data-id=\"1cf1bcb\" data-element_type=\"widget\" data-e-type=\"widget\" data-widget_type=\"image.default\">\n\t\t\t\t<div class=\"elementor-widget-container\">\n\t\t\t\t\t\t\t\t\t\t\t\t\t\t\t<img decoding=\"async\" width=\"800\" height=\"800\" src=\"https:\/\/i0.wp.com\/goldygluckrealtor.com\/wp-content\/uploads\/2021\/01\/avilagrouplogoweb-b.png?fit=800%2C800&amp;ssl=1\" class=\"attachment-large size-large wp-image-876\" alt=\"\" srcset=\"https:\/\/i0.wp.com\/goldygluckrealtor.com\/wp-content\/uploads\/2021\/01\/avilagrouplogoweb-b.png?w=800&amp;ssl=1 800w, https:\/\/i0.wp.com\/goldygluckrealtor.com\/wp-content\/uploads\/2021\/01\/avilagrouplogoweb-b.png?resize=300%2C300&amp;ssl=1 300w, https:\/\/i0.wp.com\/goldygluckrealtor.com\/wp-content\/uploads\/2021\/01\/avilagrouplogoweb-b.png?resize=150%2C150&amp;ssl=1 150w, https:\/\/i0.wp.com\/goldygluckrealtor.com\/wp-content\/uploads\/2021\/01\/avilagrouplogoweb-b.png?resize=768%2C768&amp;ssl=1 768w, https:\/\/i0.wp.com\/goldygluckrealtor.com\/wp-content\/uploads\/2021\/01\/avilagrouplogoweb-b.png?resize=100%2C100&amp;ssl=1 100w, https:\/\/i0.wp.com\/goldygluckrealtor.com\/wp-content\/uploads\/2021\/01\/avilagrouplogoweb-b.png?w=80&amp;ssl=1 80w, https:\/\/i0.wp.com\/goldygluckrealtor.com\/wp-content\/uploads\/2021\/01\/avilagrouplogoweb-b.png?w=40&amp;ssl=1 40w, https:\/\/i0.wp.com\/goldygluckrealtor.com\/wp-content\/uploads\/2021\/01\/avilagrouplogoweb-b.png?w=20&amp;ssl=1 20w\" sizes=\"(max-width: 800px) 100vw, 800px\" \/>\t\t\t\t\t\t\t\t\t\t\t\t\t\t\t<\/div>\n\t\t\t\t<\/div>\n\t\t\t\t\t<\/div>\n\t\t\t\t<\/div>\n\t\t<div data-particle_enable=\"false\" data-particle-mobile-disabled=\"false\" class=\"elementor-element elementor-element-7297505 e-flex e-con-boxed e-con e-child\" data-id=\"7297505\" data-element_type=\"container\" data-e-type=\"container\" data-settings=\"{&quot;motion_fx_motion_fx_scrolling&quot;:&quot;yes&quot;,&quot;motion_fx_devices&quot;:[&quot;desktop&quot;,&quot;tablet&quot;,&quot;mobile&quot;]}\">\n\t\t\t\t\t<div class=\"e-con-inner\">\n\t\t\t\t<div class=\"elementor-element elementor-element-929a11f elementor-widget elementor-widget-heading\" data-id=\"929a11f\" data-element_type=\"widget\" data-e-type=\"widget\" data-widget_type=\"heading.default\">\n\t\t\t\t<div class=\"elementor-widget-container\">\n\t\t\t\t\t<h3 class=\"elementor-heading-title elementor-size-default\">Un Para\u00edso Tropical<\/h3>\t\t\t\t<\/div>\n\t\t\t\t<\/div>\n\t\t\t\t<div class=\"elementor-element elementor-element-3f6eefb elementor-widget-divider--view-line elementor-widget elementor-widget-divider\" data-id=\"3f6eefb\" data-element_type=\"widget\" data-e-type=\"widget\" data-widget_type=\"divider.default\">\n\t\t\t\t<div class=\"elementor-widget-container\">\n\t\t\t\t\t\t\t<div class=\"elementor-divider\">\n\t\t\t<span class=\"elementor-divider-separator\">\n\t\t\t\t\t\t<\/span>\n\t\t<\/div>\n\t\t\t\t\t\t<\/div>\n\t\t\t\t<\/div>\n\t\t\t\t<div class=\"elementor-element elementor-element-5b428de elementor-widget elementor-widget-text-editor\" data-id=\"5b428de\" data-element_type=\"widget\" data-e-type=\"widget\" data-widget_type=\"text-editor.default\">\n\t\t\t\t<div class=\"elementor-widget-container\">\n\t\t\t\t\t\t\t\t\t<p data-sourcepos=\"3:1-3:327\">Bienvenido a Coconut Grove, donde el encanto acariciado por el sol se encuentra con la atracci\u00f3n de vivir en Coconut Grove y la prometedora perspectiva de invertir en Coconut Grove. En esta gu\u00eda completa, nos sumergimos en el coraz\u00f3n de este para\u00edso tropical, proporcionando informaci\u00f3n sobre vivir, invertir y prosperar en Coconut Grove.<\/p>\t\t\t\t\t\t\t\t<\/div>\n\t\t\t\t<\/div>\n\t\t\t\t\t<\/div>\n\t\t\t\t<\/div>\n\t\t\t\t\t<\/div>\n\t\t\t\t<\/div>\n\t\t<div data-particle_enable=\"false\" data-particle-mobile-disabled=\"false\" class=\"elementor-element elementor-element-27c1726 e-flex e-con-boxed e-con e-parent\" data-id=\"27c1726\" data-element_type=\"container\" data-e-type=\"container\">\n\t\t\t\t\t<div class=\"e-con-inner\">\n\t\t\t\t<div class=\"elementor-element elementor-element-2c38e28 elementor-pagination-position-outside elementor-widget elementor-widget-image-carousel\" data-id=\"2c38e28\" data-element_type=\"widget\" data-e-type=\"widget\" data-settings=\"{&quot;navigation&quot;:&quot;dots&quot;,&quot;autoplay_speed&quot;:3000,&quot;speed&quot;:300,&quot;slides_to_show&quot;:&quot;2&quot;,&quot;slides_to_scroll&quot;:&quot;1&quot;,&quot;lazyload&quot;:&quot;yes&quot;,&quot;image_spacing_custom&quot;:{&quot;unit&quot;:&quot;px&quot;,&quot;size&quot;:10,&quot;sizes&quot;:[]},&quot;slides_to_show_tablet&quot;:&quot;1&quot;,&quot;motion_fx_motion_fx_scrolling&quot;:&quot;yes&quot;,&quot;motion_fx_translateY_effect&quot;:&quot;yes&quot;,&quot;motion_fx_translateY_affectedRange&quot;:{&quot;unit&quot;:&quot;%&quot;,&quot;size&quot;:&quot;&quot;,&quot;sizes&quot;:{&quot;start&quot;:0,&quot;end&quot;:40}},&quot;motion_fx_translateY_speed&quot;:{&quot;unit&quot;:&quot;px&quot;,&quot;size&quot;:2,&quot;sizes&quot;:[]},&quot;autoplay&quot;:&quot;yes&quot;,&quot;pause_on_hover&quot;:&quot;yes&quot;,&quot;pause_on_interaction&quot;:&quot;yes&quot;,&quot;infinite&quot;:&quot;yes&quot;,&quot;motion_fx_devices&quot;:[&quot;desktop&quot;,&quot;tablet&quot;,&quot;mobile&quot;]}\" data-widget_type=\"image-carousel.default\">\n\t\t\t\t<div class=\"elementor-widget-container\">\n\t\t\t\t\t\t\t<div class=\"elementor-image-carousel-wrapper swiper\" role=\"region\" aria-roledescription=\"carousel\" aria-label=\"Carrusel de im\u00e1genes\" dir=\"ltr\">\n\t\t\t<div class=\"elementor-image-carousel swiper-wrapper\" aria-live=\"off\">\n\t\t\t\t\t\t\t\t<div class=\"swiper-slide\" role=\"group\" aria-roledescription=\"slide\" aria-label=\"1 of 4\"><figure class=\"swiper-slide-inner\"><img class=\"swiper-slide-image swiper-lazy\" data-src=\"https:\/\/i0.wp.com\/goldygluckrealtor.com\/wp-content\/uploads\/2024\/01\/Coconut-grove_0002s_0004_DSC_0029.jpg?fit=1920%2C1280&amp;ssl=1\" alt=\"Coconut-grove_0002s_0004_DSC_0029\" \/><div class=\"swiper-lazy-preloader\"><\/div><\/figure><\/div><div class=\"swiper-slide\" role=\"group\" aria-roledescription=\"slide\" aria-label=\"2 of 4\"><figure class=\"swiper-slide-inner\"><img class=\"swiper-slide-image swiper-lazy\" data-src=\"https:\/\/i0.wp.com\/goldygluckrealtor.com\/wp-content\/uploads\/2024\/01\/Coconut-grove_0002s_0003_DSC_0077.jpg?fit=1920%2C1280&amp;ssl=1\" alt=\"Coconut-grove_0002s_0003_DSC_0077\" \/><div class=\"swiper-lazy-preloader\"><\/div><\/figure><\/div><div class=\"swiper-slide\" role=\"group\" aria-roledescription=\"slide\" aria-label=\"3 of 4\"><figure class=\"swiper-slide-inner\"><img class=\"swiper-slide-image swiper-lazy\" data-src=\"https:\/\/i0.wp.com\/goldygluckrealtor.com\/wp-content\/uploads\/2024\/01\/Coconut-grove_0002s_0002_DSC_0016.jpg?fit=1920%2C1280&amp;ssl=1\" alt=\"Coconut-grove_0002s_0002_DSC_0016\" \/><div class=\"swiper-lazy-preloader\"><\/div><\/figure><\/div><div class=\"swiper-slide\" role=\"group\" aria-roledescription=\"slide\" aria-label=\"4 of 4\"><figure class=\"swiper-slide-inner\"><img class=\"swiper-slide-image swiper-lazy\" data-src=\"https:\/\/i0.wp.com\/goldygluckrealtor.com\/wp-content\/uploads\/2024\/01\/Coconut-grove_0002s_0001_DSC_0111.jpg?fit=1920%2C1280&amp;ssl=1\" alt=\"Coconut-grove_0002s_0001_DSC_0111\" \/><div class=\"swiper-lazy-preloader\"><\/div><\/figure><\/div>\t\t\t<\/div>\n\t\t\t\t\t\t\t\n\t\t\t\t\t\t\t\t\t<div class=\"swiper-pagination\"><\/div>\n\t\t\t\t\t\t\t\t\t<\/div>\n\t\t\t\t\t\t<\/div>\n\t\t\t\t<\/div>\n\t\t\t\t\t<\/div>\n\t\t\t\t<\/div>\n\t\t<div data-particle_enable=\"false\" data-particle-mobile-disabled=\"false\" class=\"elementor-element elementor-element-138f89b e-flex e-con-boxed e-con e-parent\" data-id=\"138f89b\" data-element_type=\"container\" data-e-type=\"container\">\n\t\t\t\t\t<div class=\"e-con-inner\">\n\t\t\t\t<div class=\"elementor-element elementor-element-e23c153 animated-slow elementor-invisible elementor-widget elementor-widget-text-editor\" data-id=\"e23c153\" data-element_type=\"widget\" data-e-type=\"widget\" data-settings=\"{&quot;motion_fx_motion_fx_scrolling&quot;:&quot;yes&quot;,&quot;motion_fx_translateY_effect&quot;:&quot;yes&quot;,&quot;_animation&quot;:&quot;fadeInUp&quot;,&quot;motion_fx_translateY_affectedRange&quot;:{&quot;unit&quot;:&quot;%&quot;,&quot;size&quot;:&quot;&quot;,&quot;sizes&quot;:{&quot;start&quot;:0,&quot;end&quot;:40}},&quot;motion_fx_translateY_speed&quot;:{&quot;unit&quot;:&quot;px&quot;,&quot;size&quot;:4,&quot;sizes&quot;:[]},&quot;motion_fx_devices&quot;:[&quot;desktop&quot;,&quot;tablet&quot;,&quot;mobile&quot;]}\" data-widget_type=\"text-editor.default\">\n\t\t\t\t<div class=\"elementor-widget-container\">\n\t\t\t\t\t\t\t\t\t<h4>Coconut Grove: Un Pedazo de Para\u00edso<\/h4><p>Emb\u00e1rcate en un viaje para explorar el fascinante Coconut Grove. La exuberante vegetaci\u00f3n, las playas pr\u00edstinas y la escena cultural vibrante lo convierten en un destino perfecto para aquellos que buscan un estilo de vida tranquilo pero animado. Vivir en Coconut Grove es una experiencia marcada por la armon\u00eda entre la naturaleza y la vida urbana.<\/p><h4>Potencial de Inversi\u00f3n en Coconut Grove<\/h4><p>Invertir en Coconut Grove no se trata solo de adquirir propiedades; es un movimiento estrat\u00e9gico hacia un futuro pr\u00f3spero. Invertir en Coconut Grove abre puertas a un mercado inmobiliario con un potencial de crecimiento tremendo. Explora oportunidades que prometen tanto retornos financieros como un estilo de vida de calidad.<\/p><h4>Las Residencias: Vivir en Coconut Grove<\/h4><p>Descubre la alegr\u00eda de llamar hogar a Coconut Grove. Desde condominios de lujo con vistas panor\u00e1micas hasta encantadoras casas enclavadas en paisajes tropicales, vivir en Coconut Grove significa despertar a la serenidad de la naturaleza todos los d\u00edas. Las opciones inmobiliarias satisfacen diversas preferencias, asegurando un refugio perfecto para todos.<\/p><p>Vivir en Coconut Grove va m\u00e1s all\u00e1 de ladrillos y mortero. La comunidad irradia un ambiente relajado pero sofisticado, con una abundancia de actividades recreativas, gastronom\u00eda y eventos culturales. Vivir en Coconut Grove es una inmersi\u00f3n en un estilo de vida que combina perfectamente la relajaci\u00f3n y la emoci\u00f3n.<\/p><h4>Inversiones Inteligentes:<\/h4><p>Para inversionistas astutos, Coconut Grove ofrece una mir\u00edada de oportunidades. Invertir en Coconut Grove significa aprovechar un mercado inmobiliario con un crecimiento constante. La ubicaci\u00f3n estrat\u00e9gica, junto con el atractivo de la comunidad, asegura una inversi\u00f3n sabia que tiene tanto ganancias a corto plazo como un valor a largo plazo.<\/p><p>Coconut Grove no es solo una ubicaci\u00f3n; es un estilo de vida. Ya sea que est\u00e9s buscando vivir en Coconut Grove o invertir en Coconut Grove, este refugio tropical te llama con los brazos abiertos. Explora las posibilidades, disfruta de los momentos y haz de Coconut Grove tu propio pedazo de para\u00edso.<\/p>\t\t\t\t\t\t\t\t<\/div>\n\t\t\t\t<\/div>\n\t\t\t\t\t<\/div>\n\t\t\t\t<\/div>\n\t\t<div data-particle_enable=\"false\" data-particle-mobile-disabled=\"false\" class=\"elementor-element elementor-element-f28ab88 e-con-full e-flex e-con e-parent\" data-id=\"f28ab88\" data-element_type=\"container\" data-e-type=\"container\">\n\t\t\t\t<div class=\"elementor-element elementor-element-204319d elementor-widget elementor-widget-video\" data-id=\"204319d\" data-element_type=\"widget\" data-e-type=\"widget\" data-settings=\"{&quot;youtube_url&quot;:&quot;https:\\\/\\\/www.youtube.com\\\/watch?v=XHOmBV4js_E&quot;,&quot;video_type&quot;:&quot;youtube&quot;,&quot;controls&quot;:&quot;yes&quot;}\" data-widget_type=\"video.default\">\n\t\t\t\t<div class=\"elementor-widget-container\">\n\t\t\t\t\t\t\t<div class=\"elementor-wrapper elementor-open-inline\">\n\t\t\t<div class=\"elementor-video\"><\/div>\t\t<\/div>\n\t\t\t\t\t\t<\/div>\n\t\t\t\t<\/div>\n\t\t\t\t<\/div>\n\t\t<div data-particle_enable=\"false\" data-particle-mobile-disabled=\"false\" class=\"elementor-element elementor-element-63f21ce e-flex e-con-boxed e-con e-parent\" data-id=\"63f21ce\" data-element_type=\"container\" data-e-type=\"container\" data-settings=\"{&quot;background_background&quot;:&quot;classic&quot;}\">\n\t\t\t\t\t<div class=\"e-con-inner\">\n\t\t<div data-particle_enable=\"false\" data-particle-mobile-disabled=\"false\" class=\"elementor-element elementor-element-9e51ec1 e-flex e-con-boxed elementor-invisible e-con e-child\" data-id=\"9e51ec1\" data-element_type=\"container\" data-e-type=\"container\" data-settings=\"{&quot;animation&quot;:&quot;fadeIn&quot;}\">\n\t\t\t\t\t<div class=\"e-con-inner\">\n\t\t\t\t<div class=\"elementor-element elementor-element-190e09c eael-dual-header-content-align-left elementor-widget elementor-widget-eael-dual-color-header\" data-id=\"190e09c\" data-element_type=\"widget\" data-e-type=\"widget\" data-widget_type=\"eael-dual-color-header.default\">\n\t\t\t\t<div class=\"elementor-widget-container\">\n\t\t\t\t\t\t\t\t<div class=\"eael-dual-header\">\n\t\t\t\t<h2 class=\"title eael-dch-title\"><span class=\"eael-dch-title-text eael-dch-title-lead lead solid-color\">Preguntas<\/span> <span class=\"eael-dch-title-text\">Frecuentes<\/span><\/h2>\t\t\t\t\t<span class=\"subtext\"><p>No te preocupes, estamos aqu\u00ed para guiarte. Si algo no est\u00e1 claro, ll\u00e1menos, \u00a1estaremos encantados de charlar!<\/p><\/span>\n\t\t\t\t\t\t\t<\/div>\n\n\t\t\t\t\t\t<\/div>\n\t\t\t\t<\/div>\n\t\t\t\t\t<\/div>\n\t\t\t\t<\/div>\n\t\t<div data-particle_enable=\"false\" data-particle-mobile-disabled=\"false\" class=\"elementor-element elementor-element-3948ed7 e-flex e-con-boxed elementor-invisible e-con e-child\" data-id=\"3948ed7\" data-element_type=\"container\" data-e-type=\"container\" data-settings=\"{&quot;animation&quot;:&quot;slideInUp&quot;}\">\n\t\t\t\t\t<div class=\"e-con-inner\">\n\t\t\t\t<div class=\"elementor-element elementor-element-d18d03e elementor-widget elementor-widget-eael-adv-accordion\" data-id=\"d18d03e\" data-element_type=\"widget\" data-e-type=\"widget\" data-widget_type=\"eael-adv-accordion.default\">\n\t\t\t\t<div class=\"elementor-widget-container\">\n\t\t\t\t\t            <div class=\"eael-adv-accordion\" id=\"eael-adv-accordion-d18d03e\" data-scroll-on-click=\"\" data-scroll-speed=\"300\" data-accordion-id=\"d18d03e\" data-accordion-type=\"toggle\" data-toogle-speed=\"300\">\n            <div class=\"eael-accordion-list\">\n\t\t\t\t\t<div id=\"es-coconut-grove-un-lugar-seguro-para-vivir\" class=\"elementor-tab-title eael-accordion-header\" tabindex=\"0\" data-tab=\"1\" aria-controls=\"elementor-tab-content-2191\"><h6 class=\"eael-accordion-tab-title\">\u00bfEs Coconut Grove un Lugar Seguro para Vivir?<\/h6><svg aria-hidden=\"true\" class=\"fa-toggle e-font-icon-svg e-fas-plus\" viewBox=\"0 0 448 512\" xmlns=\"http:\/\/www.w3.org\/2000\/svg\"><path d=\"M416 208H272V64c0-17.67-14.33-32-32-32h-32c-17.67 0-32 14.33-32 32v144H32c-17.67 0-32 14.33-32 32v32c0 17.67 14.33 32 32 32h144v144c0 17.67 14.33 32 32 32h32c17.67 0 32-14.33 32-32V304h144c17.67 0 32-14.33 32-32v-32c0-17.67-14.33-32-32-32z\"><\/path><\/svg><\/div><div id=\"elementor-tab-content-2191\" class=\"eael-accordion-content clearfix\" data-tab=\"1\" aria-labelledby=\"es-coconut-grove-un-lugar-seguro-para-vivir\"><p>Absolutamente. Coconut Grove es conocido por su seguridad. El ambiente cercano y las bajas tasas de criminalidad lo convierten en un lugar ideal tanto para familias como para individuos.<\/p><\/div>\n\t\t\t\t\t<\/div><div class=\"eael-accordion-list\">\n\t\t\t\t\t<div id=\"qu-hace-nico-al-mercado-inmobiliario-de-coconut-grove\" class=\"elementor-tab-title eael-accordion-header\" tabindex=\"0\" data-tab=\"2\" aria-controls=\"elementor-tab-content-2192\"><h6 class=\"eael-accordion-tab-title\">\u00bfQu\u00e9 Hace \u00danico al Mercado Inmobiliario de Coconut Grove?<\/h6><svg aria-hidden=\"true\" class=\"fa-toggle e-font-icon-svg e-fas-plus\" viewBox=\"0 0 448 512\" xmlns=\"http:\/\/www.w3.org\/2000\/svg\"><path d=\"M416 208H272V64c0-17.67-14.33-32-32-32h-32c-17.67 0-32 14.33-32 32v144H32c-17.67 0-32 14.33-32 32v32c0 17.67 14.33 32 32 32h144v144c0 17.67 14.33 32 32 32h32c17.67 0 32-14.33 32-32V304h144c17.67 0 32-14.33 32-32v-32c0-17.67-14.33-32-32-32z\"><\/path><\/svg><\/div><div id=\"elementor-tab-content-2192\" class=\"eael-accordion-content clearfix\" data-tab=\"2\" aria-labelledby=\"qu-hace-nico-al-mercado-inmobiliario-de-coconut-grove\"><p>La singularidad radica en la diversidad de propiedades. Desde condominios frente al mar hasta casas hist\u00f3ricas, el mercado inmobiliario de Coconut Grove satisface diversas preferencias, asegurando que haya algo para todos.<\/p><\/div>\n\t\t\t\t\t<\/div><div class=\"eael-accordion-list\">\n\t\t\t\t\t<div id=\"cmo-es-el-mercado-laboral-en-coconut-grove\" class=\"elementor-tab-title eael-accordion-header\" tabindex=\"0\" data-tab=\"3\" aria-controls=\"elementor-tab-content-2193\"><h6 class=\"eael-accordion-tab-title\">\u00bfC\u00f3mo Es el Mercado Laboral en Coconut Grove?<\/h6><svg aria-hidden=\"true\" class=\"fa-toggle e-font-icon-svg e-fas-plus\" viewBox=\"0 0 448 512\" xmlns=\"http:\/\/www.w3.org\/2000\/svg\"><path d=\"M416 208H272V64c0-17.67-14.33-32-32-32h-32c-17.67 0-32 14.33-32 32v144H32c-17.67 0-32 14.33-32 32v32c0 17.67 14.33 32 32 32h144v144c0 17.67 14.33 32 32 32h32c17.67 0 32-14.33 32-32V304h144c17.67 0 32-14.33 32-32v-32c0-17.67-14.33-32-32-32z\"><\/path><\/svg><\/div><div id=\"elementor-tab-content-2193\" class=\"eael-accordion-content clearfix\" data-tab=\"3\" aria-labelledby=\"cmo-es-el-mercado-laboral-en-coconut-grove\"><p>La proximidad de Coconut Grove a los centros de negocios lo convierte en un lugar atractivo. Las oportunidades laborales son diversas, con un enfoque en sectores como la hospitalidad, las artes y la tecnolog\u00eda.<\/p><\/div>\n\t\t\t\t\t<\/div><div class=\"eael-accordion-list\">\n\t\t\t\t\t<div id=\"hay-buenas-escuelas-en-coconut-grove\" class=\"elementor-tab-title eael-accordion-header\" tabindex=\"0\" data-tab=\"4\" aria-controls=\"elementor-tab-content-2194\"><h6 class=\"eael-accordion-tab-title\">\u00bfHay Buenas Escuelas en Coconut Grove?<\/h6><svg aria-hidden=\"true\" class=\"fa-toggle e-font-icon-svg e-fas-plus\" viewBox=\"0 0 448 512\" xmlns=\"http:\/\/www.w3.org\/2000\/svg\"><path d=\"M416 208H272V64c0-17.67-14.33-32-32-32h-32c-17.67 0-32 14.33-32 32v144H32c-17.67 0-32 14.33-32 32v32c0 17.67 14.33 32 32 32h144v144c0 17.67 14.33 32 32 32h32c17.67 0 32-14.33 32-32V304h144c17.67 0 32-14.33 32-32v-32c0-17.67-14.33-32-32-32z\"><\/path><\/svg><\/div><div id=\"elementor-tab-content-2194\" class=\"eael-accordion-content clearfix\" data-tab=\"4\" aria-labelledby=\"hay-buenas-escuelas-en-coconut-grove\"><p>S\u00ed, Coconut Grove cuenta con excelentes instituciones educativas, asegurando una educaci\u00f3n de calidad para los hijos de los residentes.<\/p><\/div>\n\t\t\t\t\t<\/div><div class=\"eael-accordion-list\">\n\t\t\t\t\t<div id=\"los-extranjeros-pueden-invertir-fcilmente-en-bienes-races-en-coconut-grove\" class=\"elementor-tab-title eael-accordion-header\" tabindex=\"0\" data-tab=\"5\" aria-controls=\"elementor-tab-content-2195\"><h6 class=\"eael-accordion-tab-title\">\u00bfLos Extranjeros Pueden Invertir F\u00e1cilmente en Bienes Ra\u00edces en Coconut Grove?<\/h6><svg aria-hidden=\"true\" class=\"fa-toggle e-font-icon-svg e-fas-plus\" viewBox=\"0 0 448 512\" xmlns=\"http:\/\/www.w3.org\/2000\/svg\"><path d=\"M416 208H272V64c0-17.67-14.33-32-32-32h-32c-17.67 0-32 14.33-32 32v144H32c-17.67 0-32 14.33-32 32v32c0 17.67 14.33 32 32 32h144v144c0 17.67 14.33 32 32 32h32c17.67 0 32-14.33 32-32V304h144c17.67 0 32-14.33 32-32v-32c0-17.67-14.33-32-32-32z\"><\/path><\/svg><\/div><div id=\"elementor-tab-content-2195\" class=\"eael-accordion-content clearfix\" data-tab=\"5\" aria-labelledby=\"los-extranjeros-pueden-invertir-fcilmente-en-bienes-races-en-coconut-grove\"><p>S\u00ed, invertir en Coconut Grove est\u00e1 abierto a extranjeros. El mercado inmobiliario es acogedor, ofreciendo un proceso sencillo para inversores internacionales.<\/p><\/div>\n\t\t\t\t\t<\/div><\/div>\t\t\t\t<\/div>\n\t\t\t\t<\/div>\n\t\t\t\t\t<\/div>\n\t\t\t\t<\/div>\n\t\t\t\t\t<\/div>\n\t\t\t\t<\/div>\n\t\t\t\t<\/div>\n\t\t","protected":false},"excerpt":{"rendered":"<p>Coconut Grove Entre palmeras y arquitectura \u00fanica Un Para\u00edso Tropical Bienvenido a Coconut Grove, donde el encanto acariciado por el sol se encuentra con la atracci\u00f3n de vivir en Coconut Grove y la prometedora perspectiva de invertir en Coconut Grove. En esta gu\u00eda completa, nos sumergimos en el coraz\u00f3n de este para\u00edso tropical, proporcionando informaci\u00f3n [&hellip;]<\/p>\n","protected":false},"author":3,"featured_media":1923,"parent":1278,"menu_order":0,"comment_status":"closed","ping_status":"closed","template":"elementor_header_footer","meta":{"_seopress_robots_primary_cat":"","_seopress_titles_title":"Coconut Grove: A Tropical Paradise","_seopress_titles_desc":"Discover the allure of Coconut Grove, vivir en Coconut Grove, invertir en Coconut Grove - your gateway to a tropical haven. Explore the vibrant community, lifestyle, and investment opportunities in this enchanting locale.","_seopress_robots_index":"","nf_dc_page":"","_monsterinsights_skip_tracking":false,"_monsterinsights_sitenote_active":false,"_monsterinsights_sitenote_note":"","_monsterinsights_sitenote_category":0,"footnotes":""},"class_list":["post-1911","page","type-page","status-publish","has-post-thumbnail","hentry"],"jetpack_sharing_enabled":true,"_links":{"self":[{"href":"https:\/\/goldygluckrealtor.com\/en\/wp-json\/wp\/v2\/pages\/1911","targetHints":{"allow":["GET"]}}],"collection":[{"href":"https:\/\/goldygluckrealtor.com\/en\/wp-json\/wp\/v2\/pages"}],"about":[{"href":"https:\/\/goldygluckrealtor.com\/en\/wp-json\/wp\/v2\/types\/page"}],"author":[{"embeddable":true,"href":"https:\/\/goldygluckrealtor.com\/en\/wp-json\/wp\/v2\/users\/3"}],"replies":[{"embeddable":true,"href":"https:\/\/goldygluckrealtor.com\/en\/wp-json\/wp\/v2\/comments?post=1911"}],"version-history":[{"count":5,"href":"https:\/\/goldygluckrealtor.com\/en\/wp-json\/wp\/v2\/pages\/1911\/revisions"}],"predecessor-version":[{"id":2138,"href":"https:\/\/goldygluckrealtor.com\/en\/wp-json\/wp\/v2\/pages\/1911\/revisions\/2138"}],"up":[{"embeddable":true,"href":"https:\/\/goldygluckrealtor.com\/en\/wp-json\/wp\/v2\/pages\/1278"}],"wp:featuredmedia":[{"embeddable":true,"href":"https:\/\/goldygluckrealtor.com\/en\/wp-json\/wp\/v2\/media\/1923"}],"wp:attachment":[{"href":"https:\/\/goldygluckrealtor.com\/en\/wp-json\/wp\/v2\/media?parent=1911"}],"curies":[{"name":"wp","href":"https:\/\/api.w.org\/{rel}","templated":true}]}}